{"id":1761,"date":"2016-11-04T09:45:21","date_gmt":"2016-11-04T07:45:21","guid":{"rendered":"http:\/\/sigmatec.com.tr\/ar\/?page_id=1761"},"modified":"2016-11-17T09:33:26","modified_gmt":"2016-11-17T07:33:26","slug":"%d9%86%d8%b8%d8%a7%d9%85-%d8%a7%d9%84%d8%aa%d8%ba%d8%b0%d9%8a%d8%a9-%d8%a8%d8%a7%d9%84%d8%a8%d9%8a%d8%aa%d9%88%d9%85%d9%8a%d9%86-%d9%88%d8%a7%d9%84%d8%b2%d9%8a%d8%aa-%d8%a7%d9%84%d8%ad%d8%a7%d8%b1","status":"publish","type":"page","link":"https:\/\/sigmatec.com.tr\/ar\/%d8%aa%d9%82%d9%86%d9%8a%d8%a9\/%d9%86%d8%b8%d8%a7%d9%85-%d8%a7%d9%84%d8%aa%d8%ba%d8%b0%d9%8a%d8%a9-%d8%a8%d8%a7%d9%84%d8%a8%d9%8a%d8%aa%d9%88%d9%85%d9%8a%d9%86-%d9%88%d8%a7%d9%84%d8%b2%d9%8a%d8%aa-%d8%a7%d9%84%d8%ad%d8%a7%d8%b1\/","title":{"rendered":"\u0646\u0638\u0627\u0645 \u0627\u0644\u062a\u063a\u0630\u064a\u0629 \u0628\u0627\u0644\u0628\u064a\u062a\u0648\u0645\u064a\u0646 \u0648\u0627\u0644\u0632\u064a\u062a \u0627\u0644\u062d\u0627\u0631"},"content":{"rendered":"<h3><\/h3>\n<p>&nbsp;<\/p>\n<p><img loading=\"lazy\" class=\"size-medium wp-image-1233 alignright\" src=\"http:\/\/sigmatec.com.tr\/wp-content\/uploads\/B\u0130T\u00dcM-VE-KIZGIN-YA\u011e-BESLEME-S\u0130STEM\u0130-300x150.jpg\" alt=\"B\u0130T\u00dcM VE KIZGIN YA\u011e BESLEME S\u0130STEM\u0130\" width=\"300\" height=\"150\" srcset=\"https:\/\/sigmatec.com.tr\/wp-content\/uploads\/B\u0130T\u00dcM-VE-KIZGIN-YA\u011e-BESLEME-S\u0130STEM\u0130-300x150.jpg 300w, https:\/\/sigmatec.com.tr\/wp-content\/uploads\/B\u0130T\u00dcM-VE-KIZGIN-YA\u011e-BESLEME-S\u0130STEM\u0130-768x384.jpg 768w, https:\/\/sigmatec.com.tr\/wp-content\/uploads\/B\u0130T\u00dcM-VE-KIZGIN-YA\u011e-BESLEME-S\u0130STEM\u0130-1024x512.jpg 1024w\" sizes=\"(max-width: 300px) 100vw, 300px\" \/>\u062a\u0645 \u062a\u0635\u0645\u064a\u0645 \u0646\u0638\u0645 \u0627\u0644\u062a\u063a\u0630\u064a\u0629 \u0628\u0627\u0644\u0628\u064a\u062a\u0648\u0645\u064a\u0646\u060c \u0627\u0644\u0632\u064a\u062a \u0627\u0644\u0646\u0627\u0642\u0644 \u0644\u0644\u062d\u0631\u0627\u0631\u0629 \u0648\u0627\u0644\u0648\u0642\u0648\u062f \u0645\u0646 \u0642\u0628\u0644 \u062e\u0628\u0631\u0627\u0621 \u0625\u064a\u0637\u0627\u0644\u064a\u064a\u0646 \u0644\u062f\u064a\u0646\u0627 \u0628\u0634\u0643\u0644 \u064a\u0636\u0645\u0646 \u0639\u0645\u0644\u0647\u0627 \u0628\u0623\u0641\u0636\u0644 \u0623\u062f\u0627\u0621. \u064a\u062a\u0645 \u062a\u0635\u0646\u064a\u0639 \u0648\u062a\u0631\u0643\u064a\u0628 \u062c\u0645\u064a\u0639 \u062e\u0637\u0648\u0637 \u0627\u0644\u062a\u063a\u0630\u064a\u0629 \u0628\u0645\u0627 \u0641\u064a \u0630\u0644\u0643 \u0627\u0644\u0623\u0646\u0627\u0628\u064a\u0628 \u0627\u0644\u0645\u063a\u0644\u0641\u0629 \u0648\u0627\u0644\u062e\u0627\u0635\u0629 \u0628\u0627\u0644\u0632\u064a\u062a \u0627\u0644\u0646\u0627\u0642\u0644 \u0644\u0644\u062d\u0631\u0627\u0631\u0629\u060c \u0645\u0636\u062e\u0627\u062a \u0627\u0644\u0646\u0642\u0644 \u0648\u0627\u0644\u062a\u062f\u0648\u064a\u0631\u060c \u0627\u0644\u0635\u0645\u0627\u0645\u0627\u062a \u0648\u0643\u0627\u0641\u0629 \u0623\u062c\u0647\u0632\u0629 \u0648\u062a\u062c\u0647\u064a\u0632\u0627\u062a \u0627\u0644\u062a\u062d\u0643\u0645 \u0627\u0644\u0645\u062a\u0637\u0648\u0631\u0629.<\/p>\n","protected":false},"excerpt":{"rendered":"<p>&nbsp; \u062a\u0645 \u062a\u0635\u0645\u064a\u0645 \u0646\u0638\u0645 \u0627\u0644\u062a\u063a\u0630\u064a\u0629 \u0628\u0627\u0644\u0628\u064a\u062a\u0648\u0645\u064a\u0646\u060c \u0627\u0644\u0632\u064a\u062a \u0627\u0644\u0646\u0627\u0642\u0644 \u0644\u0644\u062d\u0631\u0627\u0631\u0629 \u0648\u0627\u0644\u0648\u0642\u0648\u062f \u0645\u0646 \u0642\u0628\u0644 \u062e\u0628\u0631\u0627\u0621 \u0625\u064a\u0637\u0627\u0644\u064a\u064a\u0646 \u0644\u062f\u064a\u0646\u0627 \u0628\u0634\u0643\u0644 \u064a\u0636\u0645\u0646 \u0639\u0645\u0644\u0647\u0627 \u0628\u0623\u0641\u0636\u0644 \u0623\u062f\u0627\u0621. \u064a\u062a\u0645 \u062a\u0635\u0646\u064a\u0639 \u0648\u062a\u0631\u0643\u064a\u0628 \u062c\u0645\u064a\u0639 \u062e\u0637\u0648\u0637 \u0627\u0644\u062a\u063a\u0630\u064a\u0629 \u0628\u0645\u0627 \u0641\u064a \u0630\u0644\u0643 \u0627\u0644\u0623\u0646\u0627\u0628\u064a\u0628 \u0627\u0644\u0645\u063a\u0644\u0641\u0629 \u0648\u0627\u0644\u062e\u0627\u0635\u0629 \u0628\u0627\u0644\u0632\u064a\u062a \u0627\u0644\u0646\u0627\u0642\u0644 \u0644\u0644\u062d\u0631\u0627\u0631\u0629\u060c \u0645\u0636\u062e\u0627\u062a \u0627\u0644\u0646\u0642\u0644 \u0648\u0627\u0644\u062a\u062f\u0648\u064a\u0631\u060c \u0627\u0644\u0635\u0645\u0627\u0645\u0627\u062a \u0648\u0643\u0627\u0641\u0629 \u0623\u062c\u0647\u0632\u0629 \u0648\u062a\u062c\u0647\u064a\u0632\u0627\u062a \u0627\u0644\u062a\u062d\u0643\u0645 \u0627\u0644\u0645\u062a\u0637\u0648\u0631\u0629.<\/p>\n","protected":false},"author":1,"featured_media":1233,"parent":471,"menu_order":120,"comment_status":"closed","ping_status":"closed","template":"","meta":{"_links_to":"","_links_to_target":""},"_links":{"self":[{"href":"https:\/\/sigmatec.com.tr\/ar\/wp-json\/wp\/v2\/pages\/1761"}],"collection":[{"href":"https:\/\/sigmatec.com.tr\/ar\/wp-json\/wp\/v2\/pages"}],"about":[{"href":"https:\/\/sigmatec.com.tr\/ar\/wp-json\/wp\/v2\/types\/page"}],"author":[{"embeddable":true,"href":"https:\/\/sigmatec.com.tr\/ar\/wp-json\/wp\/v2\/users\/1"}],"replies":[{"embeddable":true,"href":"https:\/\/sigmatec.com.tr\/ar\/wp-json\/wp\/v2\/comments?post=1761"}],"version-history":[{"count":0,"href":"https:\/\/sigmatec.com.tr\/ar\/wp-json\/wp\/v2\/pages\/1761\/revisions"}],"up":[{"embeddable":true,"href":"https:\/\/sigmatec.com.tr\/ar\/wp-json\/wp\/v2\/pages\/471"}],"wp:featuredmedia":[{"embeddable":true,"href":"https:\/\/sigmatec.com.tr\/ar\/wp-json\/wp\/v2\/media\/1233"}],"wp:attachment":[{"href":"https:\/\/sigmatec.com.tr\/ar\/wp-json\/wp\/v2\/media?parent=1761"}],"curies":[{"name":"wp","href":"https:\/\/api.w.org\/{rel}","templated":true}]}}