{"id":1235,"date":"2016-08-24T16:59:46","date_gmt":"2016-08-24T13:59:46","guid":{"rendered":"http:\/\/sigmatec.com.tr\/en\/?page_id=1235"},"modified":"2016-11-03T17:27:45","modified_gmt":"2016-11-03T15:27:45","slug":"1235-2","status":"publish","type":"page","link":"https:\/\/sigmatec.com.tr\/en\/technology\/1235-2\/","title":{"rendered":"BITUMEN AND THERMAL OIL FEEDING SYSTEM"},"content":{"rendered":"<p><img loading=\"lazy\" class=\"wp-image-1229 size-medium alignleft\" src=\"http:\/\/sigmatec.com.tr\/wp-content\/uploads\/B\u0130T\u00dcM-VE-KIZGIN-YA\u011e-BESLEME-S\u0130STEM\u0130-300x150.jpg\" width=\"300\" height=\"150\" srcset=\"https:\/\/sigmatec.com.tr\/wp-content\/uploads\/B\u0130T\u00dcM-VE-KIZGIN-YA\u011e-BESLEME-S\u0130STEM\u0130-300x150.jpg 300w, https:\/\/sigmatec.com.tr\/wp-content\/uploads\/B\u0130T\u00dcM-VE-KIZGIN-YA\u011e-BESLEME-S\u0130STEM\u0130-768x384.jpg 768w, https:\/\/sigmatec.com.tr\/wp-content\/uploads\/B\u0130T\u00dcM-VE-KIZGIN-YA\u011e-BESLEME-S\u0130STEM\u0130-1024x512.jpg 1024w\" sizes=\"(max-width: 300px) 100vw, 300px\" \/><\/p>\n<p><em>Bitumen-diathermic oil- fuel feeding systems are designed by our Italian specialists to operate with the best performance. Complete feeding lines are manufactured and installed including jacketed piping for thermal oil, transfer and circulation pumps, valves, along with all sophisticated control devices.<\/em><\/p>\n","protected":false},"excerpt":{"rendered":"<p>Bitumen-diathermic oil- fuel feeding systems are designed by our Italian specialists to operate with the best performance. Complete feeding lines are manufactured and installed including jacketed piping for thermal oil, transfer and circulation pumps, valves, along with all sophisticated control devices.<\/p>\n","protected":false},"author":1,"featured_media":1230,"parent":465,"menu_order":119,"comment_status":"closed","ping_status":"closed","template":"","meta":{"_links_to":"","_links_to_target":""},"_links":{"self":[{"href":"https:\/\/sigmatec.com.tr\/en\/wp-json\/wp\/v2\/pages\/1235"}],"collection":[{"href":"https:\/\/sigmatec.com.tr\/en\/wp-json\/wp\/v2\/pages"}],"about":[{"href":"https:\/\/sigmatec.com.tr\/en\/wp-json\/wp\/v2\/types\/page"}],"author":[{"embeddable":true,"href":"https:\/\/sigmatec.com.tr\/en\/wp-json\/wp\/v2\/users\/1"}],"replies":[{"embeddable":true,"href":"https:\/\/sigmatec.com.tr\/en\/wp-json\/wp\/v2\/comments?post=1235"}],"version-history":[{"count":0,"href":"https:\/\/sigmatec.com.tr\/en\/wp-json\/wp\/v2\/pages\/1235\/revisions"}],"up":[{"embeddable":true,"href":"https:\/\/sigmatec.com.tr\/en\/wp-json\/wp\/v2\/pages\/465"}],"wp:featuredmedia":[{"embeddable":true,"href":"https:\/\/sigmatec.com.tr\/en\/wp-json\/wp\/v2\/media\/1230"}],"wp:attachment":[{"href":"https:\/\/sigmatec.com.tr\/en\/wp-json\/wp\/v2\/media?parent=1235"}],"curies":[{"name":"wp","href":"https:\/\/api.w.org\/{rel}","templated":true}]}}