{"id":1605,"date":"2016-10-18T13:47:03","date_gmt":"2016-10-18T10:47:03","guid":{"rendered":"http:\/\/sigmatec.com.tr\/fr\/?page_id=1605"},"modified":"2016-10-18T13:47:03","modified_gmt":"2016-10-18T10:47:03","slug":"systeme-filler","status":"publish","type":"page","link":"https:\/\/sigmatec.com.tr\/fr\/technologie\/systeme-filler\/","title":{"rendered":"SYSTEME FILLER"},"content":{"rendered":"<p><img loading=\"lazy\" class=\"alignleft wp-image-1202 size-medium\" src=\"http:\/\/sigmatec.com.tr\/wp-content\/uploads\/F\u0130LLER-S\u0130LO-300x250.jpg\" alt=\"F\u0130LLER S\u0130LO\" width=\"300\" height=\"250\" srcset=\"https:\/\/sigmatec.com.tr\/wp-content\/uploads\/F\u0130LLER-S\u0130LO-300x250.jpg 300w, https:\/\/sigmatec.com.tr\/wp-content\/uploads\/F\u0130LLER-S\u0130LO-768x641.jpg 768w, https:\/\/sigmatec.com.tr\/wp-content\/uploads\/F\u0130LLER-S\u0130LO-1024x855.jpg 1024w\" sizes=\"(max-width: 300px) 100vw, 300px\" \/>La r\u00e9cup\u00e9ration de filler \u00e0 chaud recueillies \u00e0 sac est achemin\u00e9 par un convoyeur \u00e0 vis et d&#8217;\u00e9l\u00e9vateurs \u00e0 godets dans le bac tampon dessus de l&#8217;\u00e9chelle. La\u00a0quantit\u00e9 excessive\u00a0de charge est\u00a0transf\u00e9r\u00e9e\u00a0vers le silo de\u00a0remplissage\u00a0de r\u00e9cup\u00e9ration\u00a0gr\u00e2ce \u00e0 un\u00a0tuyau\u00a0de\u00a0d\u00e9versement.<\/p>\n<p>Pour le stockage externalis\u00e9 charge min\u00e9rale, un silo-tour peut \u00eatre utilis\u00e9, qui a\u00a0\u00a0 une section de stockage des min\u00e9raux de remplissage au-dessus et la section de r\u00e9cup\u00e9ration de remplissage ci-dessous.Selon le choix du client, une charge min\u00e9rale s\u00e9par\u00e9e du silo peut \u00eatre utilis\u00e9 aussi bien.<\/p>\n<p>L&#8217;avantage le plus important du syst\u00e8me de remplissage SIGMA est que la priorit\u00e9 est donn\u00e9e \u00e0 l&#8217;utilisation de remplissage de r\u00e9cup\u00e9ration \u00e0 chaud, \u00e9conomisant ainsi l&#8217;\u00e9nergie thermique.<\/p>\n","protected":false},"excerpt":{"rendered":"<p>La r\u00e9cup\u00e9ration de filler \u00e0 chaud recueillies \u00e0 sac est achemin\u00e9 par un convoyeur \u00e0 vis et d&#8217;\u00e9l\u00e9vateurs \u00e0 godets dans le bac tampon dessus de l&#8217;\u00e9chelle. La\u00a0quantit\u00e9 excessive\u00a0de charge est\u00a0transf\u00e9r\u00e9e\u00a0vers le silo de\u00a0remplissage\u00a0de r\u00e9cup\u00e9ration\u00a0gr\u00e2ce \u00e0 un\u00a0tuyau\u00a0de\u00a0d\u00e9versement. Pour le stockage externalis\u00e9 charge min\u00e9rale, un silo-tour peut \u00eatre utilis\u00e9, qui a\u00a0\u00a0 une section de stockage des [&hellip;]<\/p>\n","protected":false},"author":1,"featured_media":1204,"parent":467,"menu_order":110,"comment_status":"closed","ping_status":"closed","template":"","meta":{"_links_to":"","_links_to_target":""},"_links":{"self":[{"href":"https:\/\/sigmatec.com.tr\/fr\/wp-json\/wp\/v2\/pages\/1605"}],"collection":[{"href":"https:\/\/sigmatec.com.tr\/fr\/wp-json\/wp\/v2\/pages"}],"about":[{"href":"https:\/\/sigmatec.com.tr\/fr\/wp-json\/wp\/v2\/types\/page"}],"author":[{"embeddable":true,"href":"https:\/\/sigmatec.com.tr\/fr\/wp-json\/wp\/v2\/users\/1"}],"replies":[{"embeddable":true,"href":"https:\/\/sigmatec.com.tr\/fr\/wp-json\/wp\/v2\/comments?post=1605"}],"version-history":[{"count":0,"href":"https:\/\/sigmatec.com.tr\/fr\/wp-json\/wp\/v2\/pages\/1605\/revisions"}],"up":[{"embeddable":true,"href":"https:\/\/sigmatec.com.tr\/fr\/wp-json\/wp\/v2\/pages\/467"}],"wp:featuredmedia":[{"embeddable":true,"href":"https:\/\/sigmatec.com.tr\/fr\/wp-json\/wp\/v2\/media\/1204"}],"wp:attachment":[{"href":"https:\/\/sigmatec.com.tr\/fr\/wp-json\/wp\/v2\/media?parent=1605"}],"curies":[{"name":"wp","href":"https:\/\/api.w.org\/{rel}","templated":true}]}}