{"id":1615,"date":"2016-10-18T14:03:36","date_gmt":"2016-10-18T11:03:36","guid":{"rendered":"http:\/\/sigmatec.com.tr\/fr\/?page_id=1615"},"modified":"2016-10-18T14:03:36","modified_gmt":"2016-10-18T11:03:36","slug":"huile-diathermique-chauffe","status":"publish","type":"page","link":"https:\/\/sigmatec.com.tr\/fr\/technologie\/huile-diathermique-chauffe\/","title":{"rendered":"HUILE DIATHERMIQUE CHAUFFE"},"content":{"rendered":"<p><img loading=\"lazy\" class=\"alignleft wp-image-1224 size-medium\" src=\"http:\/\/sigmatec.com.tr\/wp-content\/uploads\/KIZGIN-YAG-300x167.jpg\" alt=\"KIZGIN YAG\" width=\"300\" height=\"167\" srcset=\"https:\/\/sigmatec.com.tr\/wp-content\/uploads\/KIZGIN-YAG-300x167.jpg 300w, https:\/\/sigmatec.com.tr\/wp-content\/uploads\/KIZGIN-YAG-768x427.jpg 768w, https:\/\/sigmatec.com.tr\/wp-content\/uploads\/KIZGIN-YAG-1024x569.jpg 1024w\" sizes=\"(max-width: 300px) 100vw, 300px\" \/><\/p>\n<p>Ils sont produits avec diff\u00e9rentes capacit\u00e9s,selon la capacit\u00e9 de centrale d\u2019enrobage<\/p>\n<p>et le nombre des citernes. Ils sont fabriqu\u00e9s comme un ensemble avec le panneau de contr\u00f4le, des \u00e9quipements de s\u00e9curit\u00e9, des valves, des pompes de circulation et le bruleur de haute qualit\u00e9.<\/p>\n","protected":false},"excerpt":{"rendered":"<p>Ils sont produits avec diff\u00e9rentes capacit\u00e9s,selon la capacit\u00e9 de centrale d\u2019enrobage et le nombre des citernes. Ils sont fabriqu\u00e9s comme un ensemble avec le panneau de contr\u00f4le, des \u00e9quipements de s\u00e9curit\u00e9, des valves, des pompes de circulation et le bruleur de haute qualit\u00e9.<\/p>\n","protected":false},"author":1,"featured_media":1221,"parent":467,"menu_order":48,"comment_status":"closed","ping_status":"closed","template":"","meta":{"_links_to":"","_links_to_target":""},"_links":{"self":[{"href":"https:\/\/sigmatec.com.tr\/fr\/wp-json\/wp\/v2\/pages\/1615"}],"collection":[{"href":"https:\/\/sigmatec.com.tr\/fr\/wp-json\/wp\/v2\/pages"}],"about":[{"href":"https:\/\/sigmatec.com.tr\/fr\/wp-json\/wp\/v2\/types\/page"}],"author":[{"embeddable":true,"href":"https:\/\/sigmatec.com.tr\/fr\/wp-json\/wp\/v2\/users\/1"}],"replies":[{"embeddable":true,"href":"https:\/\/sigmatec.com.tr\/fr\/wp-json\/wp\/v2\/comments?post=1615"}],"version-history":[{"count":0,"href":"https:\/\/sigmatec.com.tr\/fr\/wp-json\/wp\/v2\/pages\/1615\/revisions"}],"up":[{"embeddable":true,"href":"https:\/\/sigmatec.com.tr\/fr\/wp-json\/wp\/v2\/pages\/467"}],"wp:featuredmedia":[{"embeddable":true,"href":"https:\/\/sigmatec.com.tr\/fr\/wp-json\/wp\/v2\/media\/1221"}],"wp:attachment":[{"href":"https:\/\/sigmatec.com.tr\/fr\/wp-json\/wp\/v2\/media?parent=1615"}],"curies":[{"name":"wp","href":"https:\/\/api.w.org\/{rel}","templated":true}]}}