{"id":450,"date":"2016-07-18T11:14:35","date_gmt":"2016-07-18T08:14:35","guid":{"rendered":"http:\/\/sigmatec.com.tr\/fr\/?page_id=450"},"modified":"2021-01-06T08:22:40","modified_gmt":"2021-01-06T05:22:40","slug":"a-propos","status":"publish","type":"page","link":"https:\/\/sigmatec.com.tr\/fr\/a-propos\/","title":{"rendered":"Pres\u00e9ntation"},"content":{"rendered":"<div class=\"row\">\n<div class=\"col-md-6\">\n<div class=\"single-img\"><img class=\"img-responsive\" src=\"http:\/\/sigmatec.com.tr\/wp-content\/uploads\/DSC_0620-min-scaled.jpg\" \/><\/div>\n<\/div>\n<div class=\"col-md-6\">\n<div class=\"content\">\n<p>SIGMA est un partenariat italien-turc pour la fabrication de postes d\u2019enrobage de qualit\u00e9 sup\u00e9rieure dans les installations de fabrication du groupe situ\u00e9es \u00e0 Akyurt\/ Ankara, avec 6,500 m<sup>2<\/sup> d\u2019espace int\u00e9rieur et 11 000 m<sup>2<\/sup> d\u2019espace ext\u00e9rieur. Les postes d\u2019enrobage SIGMA refl\u00e8tent la technologie la plus avanc\u00e9e appliqu\u00e9e en Europe, d\u00e9velopp\u00e9e par notre \u00e9quipe d\u2019ing\u00e9nierie multinationale qui a plus de 35 ans d\u2019exp\u00e9rience dans le domaine.<\/p>\n<p>La priorit\u00e9 principale de SIGMA est la qualit\u00e9. Par cons\u00e9quent, en plus de notre conception sup\u00e9rieure, nous utilisons les composants de qualit\u00e9 sup\u00e9rieure produits par les principaux fabricants en Europe et aux \u00c9tats-Unis pour assurer la durabilit\u00e9 et le fonctionnement sans probl\u00e8me. En outre, gr\u00e2ce \u00e0 notre service rapide apr\u00e8s-vente, nous aidons nos clients chaque fois que n\u00e9cessaire, assurant ainsi la satisfaction de la client\u00e8le \u00e0 100%.<\/p>\n<p>La Mission de SIGMA est de fournir des postes d\u2019enrobage fiables qui produisent des enrobages \u00e0 chauds parfaits aux capacit\u00e9s voulues tout en respectant les normes environnementales europ\u00e9ennes en m\u00eame temps.<\/p>\n<p>Notre vision est de devenir le fournisseur leader mondial des postes d\u2019enrobage, en prenant les postes un pas plus loin avec notre conception sup\u00e9rieure, des composants de qualit\u00e9 sup\u00e9rieure et un soutien apr\u00e8s-vente rapide.<\/p>\n<p>&nbsp;<\/p>\n<p><strong>POURQUOI SIGMA?<\/strong><\/p>\n<ul>\n<li>Enrobage parfait aux capacit\u00e9s souhait\u00e9es<\/li>\n<li>Consommation d\u2019\u00e9nergie minimale<\/li>\n<li>Minimum entretien n\u00e9cessaire<\/li>\n<li>Respectueux de l&#8217;environnement<\/li>\n<li>Installation et d\u00e9montage faciles<\/li>\n<li>Structure de tour modulaire<\/li>\n<li>Composants de qualit\u00e9 sup\u00e9rieure<\/li>\n<\/ul>\n<\/div>\n<\/div>\n<\/div>\n","protected":false},"excerpt":{"rendered":"<p>SIGMA est un partenariat italien-turc pour la fabrication de postes d\u2019enrobage de qualit\u00e9 sup\u00e9rieure dans les installations de fabrication du groupe situ\u00e9es \u00e0 Akyurt\/ Ankara, avec 6,500 m2 d\u2019espace int\u00e9rieur et 11 000 m2 d\u2019espace ext\u00e9rieur. Les postes d\u2019enrobage SIGMA refl\u00e8tent la technologie la plus avanc\u00e9e appliqu\u00e9e en Europe, d\u00e9velopp\u00e9e par notre \u00e9quipe d\u2019ing\u00e9nierie multinationale [&hellip;]<\/p>\n","protected":false},"author":1,"featured_media":0,"parent":0,"menu_order":38,"comment_status":"closed","ping_status":"closed","template":"","meta":{"_links_to":"","_links_to_target":""},"_links":{"self":[{"href":"https:\/\/sigmatec.com.tr\/fr\/wp-json\/wp\/v2\/pages\/450"}],"collection":[{"href":"https:\/\/sigmatec.com.tr\/fr\/wp-json\/wp\/v2\/pages"}],"about":[{"href":"https:\/\/sigmatec.com.tr\/fr\/wp-json\/wp\/v2\/types\/page"}],"author":[{"embeddable":true,"href":"https:\/\/sigmatec.com.tr\/fr\/wp-json\/wp\/v2\/users\/1"}],"replies":[{"embeddable":true,"href":"https:\/\/sigmatec.com.tr\/fr\/wp-json\/wp\/v2\/comments?post=450"}],"version-history":[{"count":5,"href":"https:\/\/sigmatec.com.tr\/fr\/wp-json\/wp\/v2\/pages\/450\/revisions"}],"predecessor-version":[{"id":3909,"href":"https:\/\/sigmatec.com.tr\/fr\/wp-json\/wp\/v2\/pages\/450\/revisions\/3909"}],"wp:attachment":[{"href":"https:\/\/sigmatec.com.tr\/fr\/wp-json\/wp\/v2\/media?parent=450"}],"curies":[{"name":"wp","href":"https:\/\/api.w.org\/{rel}","templated":true}]}}