{"id":492,"date":"2016-07-18T11:59:22","date_gmt":"2016-07-18T08:59:22","guid":{"rendered":"http:\/\/sigmatec.com.tr\/fr\/?page_id=492"},"modified":"2016-10-18T13:18:24","modified_gmt":"2016-10-18T10:18:24","slug":"chauffage-et-sechage","status":"publish","type":"page","link":"https:\/\/sigmatec.com.tr\/fr\/technologie\/chauffage-et-sechage\/","title":{"rendered":"SECHAGE"},"content":{"rendered":"<p><img loading=\"lazy\" class=\"alignleft wp-image-1148 size-medium\" src=\"http:\/\/sigmatec.com.tr\/wp-content\/uploads\/kurutucu-300x154.jpg\" width=\"300\" height=\"154\" srcset=\"https:\/\/sigmatec.com.tr\/wp-content\/uploads\/kurutucu-300x154.jpg 300w, https:\/\/sigmatec.com.tr\/wp-content\/uploads\/kurutucu-768x393.jpg 768w, https:\/\/sigmatec.com.tr\/wp-content\/uploads\/kurutucu-1024x525.jpg 1024w, https:\/\/sigmatec.com.tr\/wp-content\/uploads\/kurutucu.jpg 1837w\" sizes=\"(max-width: 300px) 100vw, 300px\" \/><\/p>\n<p>Efficacit\u00e9 thermique \u00e9lev\u00e9e, consommation r\u00e9duite de fuel-oil, utilisation efficace de chaleur et la stabilit\u00e9 m\u00e9canique \u00e9lev\u00e9e sont les caract\u00e9ristiques les plus importants qui font la sup\u00e9riorit\u00e9 de s\u00e9cheur <strong>SIGMA<\/strong>.<\/p>\n<p>Le tambour est fabriqu\u00e9 des t\u00f4les d\u2019acier sp\u00e9ciales, isol\u00e9 thermiquement et couvert des t\u00f4les d\u2019acier inoxydable sur la face ext\u00e9rieur. Les anneaux du tambour sont fabriqu\u00e9s des t\u00f4les d\u2019acier extensibles sp\u00e9ciales et conduits par quatre roulements de haute r\u00e9sistance. Les roulements sont conduits par quatre motor\u00e9ducteurs ind\u00e9pendants (Galet moteurs) permettant de r\u00e9gler facilement la rotation du s\u00e9cheur. La forme des lames internes (Raclettes)\u00a0 et les configurations sont con\u00e7ues de mani\u00e8re optimale pour obtenir\u00a0 un chauffage efficace.<\/p>\n<p>Fabriqu\u00e9 sp\u00e9cialement en Europe, le bruleur monobloc \u00e0 les caract\u00e9ristiques de bruleur efficace, un rendement thermique \u00e9lev\u00e9 et basse \u00e9mission de pollution avec diff\u00e9rent combustibles comme le fuel l\u00e9ger, le fuel lourd, le Gaz o\u00f9 une combinaison de tout.<\/p>\n<p>I cilindri essiccatori sono dimensionati per poter fornire il pi\u00f9 alto rendimento termico.<\/p>\n","protected":false},"excerpt":{"rendered":"<p>Efficacit\u00e9 thermique \u00e9lev\u00e9e, consommation r\u00e9duite de fuel-oil, utilisation efficace de chaleur et la stabilit\u00e9 m\u00e9canique \u00e9lev\u00e9e sont les caract\u00e9ristiques les plus importants qui font la sup\u00e9riorit\u00e9 de s\u00e9cheur SIGMA. Le tambour est fabriqu\u00e9 des t\u00f4les d\u2019acier sp\u00e9ciales, isol\u00e9 thermiquement et couvert des t\u00f4les d\u2019acier inoxydable sur la face ext\u00e9rieur. Les anneaux du tambour sont fabriqu\u00e9s [&hellip;]<\/p>\n","protected":false},"author":1,"featured_media":1916,"parent":467,"menu_order":68,"comment_status":"closed","ping_status":"closed","template":"","meta":{"_links_to":"","_links_to_target":""},"_links":{"self":[{"href":"https:\/\/sigmatec.com.tr\/fr\/wp-json\/wp\/v2\/pages\/492"}],"collection":[{"href":"https:\/\/sigmatec.com.tr\/fr\/wp-json\/wp\/v2\/pages"}],"about":[{"href":"https:\/\/sigmatec.com.tr\/fr\/wp-json\/wp\/v2\/types\/page"}],"author":[{"embeddable":true,"href":"https:\/\/sigmatec.com.tr\/fr\/wp-json\/wp\/v2\/users\/1"}],"replies":[{"embeddable":true,"href":"https:\/\/sigmatec.com.tr\/fr\/wp-json\/wp\/v2\/comments?post=492"}],"version-history":[{"count":0,"href":"https:\/\/sigmatec.com.tr\/fr\/wp-json\/wp\/v2\/pages\/492\/revisions"}],"up":[{"embeddable":true,"href":"https:\/\/sigmatec.com.tr\/fr\/wp-json\/wp\/v2\/pages\/467"}],"wp:featuredmedia":[{"embeddable":true,"href":"https:\/\/sigmatec.com.tr\/fr\/wp-json\/wp\/v2\/media\/1916"}],"wp:attachment":[{"href":"https:\/\/sigmatec.com.tr\/fr\/wp-json\/wp\/v2\/media?parent=492"}],"curies":[{"name":"wp","href":"https:\/\/api.w.org\/{rel}","templated":true}]}}