{"id":500,"date":"2016-07-18T12:04:20","date_gmt":"2016-07-18T09:04:20","guid":{"rendered":"http:\/\/sigmatec.com.tr\/fr\/?page_id=500"},"modified":"2016-10-18T13:44:22","modified_gmt":"2016-10-18T10:44:22","slug":"automation","status":"publish","type":"page","link":"https:\/\/sigmatec.com.tr\/fr\/technologie\/automation\/","title":{"rendered":"AUTOMATION"},"content":{"rendered":"<p><img loading=\"lazy\" class=\"size-medium wp-image-150 alignleft\" src=\"http:\/\/sigmatec.com.tr\/wp-content\/uploads\/automate.350px-300x224.jpg\" alt=\"automate.350px\" width=\"300\" height=\"224\" srcset=\"https:\/\/sigmatec.com.tr\/wp-content\/uploads\/automate.350px-300x224.jpg 300w, https:\/\/sigmatec.com.tr\/wp-content\/uploads\/automate.350px.jpg 350w\" sizes=\"(max-width: 300px) 100vw, 300px\" \/><\/p>\n<p>Le control et la commande \u00e9lectrice de centrale d\u2019enrobage SIGMA est manipul\u00e9 par un syst\u00e8me de control assez sophistiqu\u00e9 plac\u00e9 dans une cabine de contr\u00f4le en acier ayant des murs isol\u00e9s et le climat \u00e0 l\u2019int\u00e9rieur.\u00a0 Il est possible de contr\u00f4ler et de diriger toutes les fonctions et les phases de production du centrale d\u2019enrobage, automatiquement ou manuellement, \u00e0 l\u2019aide des logiciels faciles \u00e0 utiliser par l\u2019op\u00e9rateur, les ordinateurs personnels et le syst\u00e8me de control logique programmable.<\/p>\n<p>Les composantes \u00e9lectriques ou \u00e9lectroniques fiables et de qualit\u00e9, que l\u2019on trouve dans le monde entier, sont utilis\u00e9es dans le panneau de contr\u00f4l\u00e9. Le syst\u00e8me de contr\u00f4le peut \u00eatre acc\u00e9d\u00e9 en mode d\u00e9port\u00e9e via modem de fa\u00e7on \u00e0 analyser les fonctions de l\u2019installation et les probl\u00e8mes sont r\u00e9solus par les ing\u00e9nieurs de contr\u00f4le de SIGMA.<\/p>\n<p>Le graphisme de centrale d\u2019enrobage sur le large \u00e9cran est simple et facile \u00e0 contr\u00f4ler avec un clic de la souris. La situation momentan\u00e9e de centrale d\u2019enrobage, les param\u00e8tres op\u00e9rationnels et les messages d\u2019alarme peuvent \u00eatre visualis\u00e9s en r\u00e9elle sur le moniteur avec plusieurs rapports concernant les param\u00e8tres, la production et la consommation qui peuvent \u00eatre aussi imprim\u00e9s.<\/p>\n","protected":false},"excerpt":{"rendered":"<p>Le control et la commande \u00e9lectrice de centrale d\u2019enrobage SIGMA est manipul\u00e9 par un syst\u00e8me de control assez sophistiqu\u00e9 plac\u00e9 dans une cabine de contr\u00f4le en acier ayant des murs isol\u00e9s et le climat \u00e0 l\u2019int\u00e9rieur.\u00a0 Il est possible de contr\u00f4ler et de diriger toutes les fonctions et les phases de production du centrale d\u2019enrobage, [&hellip;]<\/p>\n","protected":false},"author":1,"featured_media":152,"parent":467,"menu_order":103,"comment_status":"closed","ping_status":"closed","template":"","meta":{"_links_to":"","_links_to_target":""},"_links":{"self":[{"href":"https:\/\/sigmatec.com.tr\/fr\/wp-json\/wp\/v2\/pages\/500"}],"collection":[{"href":"https:\/\/sigmatec.com.tr\/fr\/wp-json\/wp\/v2\/pages"}],"about":[{"href":"https:\/\/sigmatec.com.tr\/fr\/wp-json\/wp\/v2\/types\/page"}],"author":[{"embeddable":true,"href":"https:\/\/sigmatec.com.tr\/fr\/wp-json\/wp\/v2\/users\/1"}],"replies":[{"embeddable":true,"href":"https:\/\/sigmatec.com.tr\/fr\/wp-json\/wp\/v2\/comments?post=500"}],"version-history":[{"count":0,"href":"https:\/\/sigmatec.com.tr\/fr\/wp-json\/wp\/v2\/pages\/500\/revisions"}],"up":[{"embeddable":true,"href":"https:\/\/sigmatec.com.tr\/fr\/wp-json\/wp\/v2\/pages\/467"}],"wp:featuredmedia":[{"embeddable":true,"href":"https:\/\/sigmatec.com.tr\/fr\/wp-json\/wp\/v2\/media\/152"}],"wp:attachment":[{"href":"https:\/\/sigmatec.com.tr\/fr\/wp-json\/wp\/v2\/media?parent=500"}],"curies":[{"name":"wp","href":"https:\/\/api.w.org\/{rel}","templated":true}]}}