{"id":508,"date":"2016-07-18T12:19:09","date_gmt":"2016-07-18T09:19:09","guid":{"rendered":"http:\/\/sigmatec.com.tr\/fr\/?page_id=508"},"modified":"2016-10-18T13:28:29","modified_gmt":"2016-10-18T10:28:29","slug":"silos-chauds","status":"publish","type":"page","link":"https:\/\/sigmatec.com.tr\/fr\/technologie\/silos-chauds\/","title":{"rendered":"SILOS CHAUDS"},"content":{"rendered":"<p><img loading=\"lazy\" class=\"alignleft wp-image-1164 size-medium\" src=\"http:\/\/sigmatec.com.tr\/wp-content\/uploads\/s\u0131cak-silo-225x300.jpg\" width=\"225\" height=\"300\" srcset=\"https:\/\/sigmatec.com.tr\/wp-content\/uploads\/s\u0131cak-silo-225x300.jpg 225w, https:\/\/sigmatec.com.tr\/wp-content\/uploads\/s\u0131cak-silo-768x1024.jpg 768w\" sizes=\"(max-width: 225px) 100vw, 225px\" \/><\/p>\n<p>Les silos chauds d\u2019agr\u00e9gats constituent une zone tampon de stockage pour l\u2019agr\u00e9gat dos\u00e9, s\u00e9ch\u00e9 et classifi\u00e9 avant le pesage et malaxage dans le Centrale d\u2019enrobage SIGMA. Silos chauds avec des capacit\u00e9s de stockage plus \u00e9lev\u00e9es sont consid\u00e9r\u00e9s pour un fonctionnement facile harmonieux et efficace des Centrale d\u2019enrobage.<\/p>\n<p>D\u00e9pendant du nombre des cribles de classifications,\u00a0 ils sont fabriqu\u00e9s avec quatre, cinq ou six comportements, plus avec un comportement de by-pass. Chaque comportement est \u00e9quip\u00e9 avec des indicateurs du niveau minimal ou maximal r\u00e9sistant \u00e0 la chaleur.<\/p>\n<p>Le silo chaud est thermiquement isol\u00e9 \u00e0 l\u2019aide des laine-de-rochers couverts avec de l\u2019aluminium ou des t\u00f4les d\u2019acier galvanis\u00e9es.<\/p>\n","protected":false},"excerpt":{"rendered":"<p>Les silos chauds d\u2019agr\u00e9gats constituent une zone tampon de stockage pour l\u2019agr\u00e9gat dos\u00e9, s\u00e9ch\u00e9 et classifi\u00e9 avant le pesage et malaxage dans le Centrale d\u2019enrobage SIGMA. Silos chauds avec des capacit\u00e9s de stockage plus \u00e9lev\u00e9es sont consid\u00e9r\u00e9s pour un fonctionnement facile harmonieux et efficace des Centrale d\u2019enrobage. D\u00e9pendant du nombre des cribles de classifications,\u00a0 ils [&hellip;]<\/p>\n","protected":false},"author":1,"featured_media":1166,"parent":467,"menu_order":85,"comment_status":"closed","ping_status":"closed","template":"","meta":{"_links_to":"","_links_to_target":""},"_links":{"self":[{"href":"https:\/\/sigmatec.com.tr\/fr\/wp-json\/wp\/v2\/pages\/508"}],"collection":[{"href":"https:\/\/sigmatec.com.tr\/fr\/wp-json\/wp\/v2\/pages"}],"about":[{"href":"https:\/\/sigmatec.com.tr\/fr\/wp-json\/wp\/v2\/types\/page"}],"author":[{"embeddable":true,"href":"https:\/\/sigmatec.com.tr\/fr\/wp-json\/wp\/v2\/users\/1"}],"replies":[{"embeddable":true,"href":"https:\/\/sigmatec.com.tr\/fr\/wp-json\/wp\/v2\/comments?post=508"}],"version-history":[{"count":0,"href":"https:\/\/sigmatec.com.tr\/fr\/wp-json\/wp\/v2\/pages\/508\/revisions"}],"up":[{"embeddable":true,"href":"https:\/\/sigmatec.com.tr\/fr\/wp-json\/wp\/v2\/pages\/467"}],"wp:featuredmedia":[{"embeddable":true,"href":"https:\/\/sigmatec.com.tr\/fr\/wp-json\/wp\/v2\/media\/1166"}],"wp:attachment":[{"href":"https:\/\/sigmatec.com.tr\/fr\/wp-json\/wp\/v2\/media?parent=508"}],"curies":[{"name":"wp","href":"https:\/\/api.w.org\/{rel}","templated":true}]}}