{"id":516,"date":"2016-07-18T12:47:35","date_gmt":"2016-07-18T09:47:35","guid":{"rendered":"http:\/\/sigmatec.com.tr\/fr\/?page_id=516"},"modified":"2016-10-18T13:14:29","modified_gmt":"2016-10-18T10:14:29","slug":"alimentation-et-dosage","status":"publish","type":"page","link":"https:\/\/sigmatec.com.tr\/fr\/technologie\/alimentation-et-dosage\/","title":{"rendered":"ALIMENTATION ET DOSAGE"},"content":{"rendered":"<p><img loading=\"lazy\" class=\"wp-image-81 size-full alignleft\" src=\"http:\/\/sigmatec.com.tr\/wp-content\/uploads\/agsilo.1.350px.jpg\" width=\"350\" height=\"234\" srcset=\"https:\/\/sigmatec.com.tr\/wp-content\/uploads\/agsilo.1.350px.jpg 350w, https:\/\/sigmatec.com.tr\/wp-content\/uploads\/agsilo.1.350px-300x201.jpg 300w\" sizes=\"(max-width: 350px) 100vw, 350px\" \/><\/p>\n<p>L\u2019alimentation \u00e0 froid est un facteur principal qui influence la performance d\u2019une centrale d\u2019enrobage. Grace \u00e0 la conception modulaire de syst\u00e8me d\u2019alimentation d\u2019agr\u00e9gat <strong>SIGMA<\/strong>, les bunkers d\u2019alimentation et les tapis de dosages peuvent \u00eatre utilis\u00e9s avec diff\u00e9rentes combinaisons selon les besoins du client. Les capacit\u00e9s typiques des bunkers varient\u00a0 entre\u00a0 10 \u00e0 20 m<sup>3<\/sup>.<\/p>\n<p>En utilisant les instruments de control de fr\u00e9quence sur le syst\u00e8me de traction des tapis de dosage, l\u2019agr\u00e9gat est ainsi dos\u00e9 avec une pr\u00e9cision assez sensible. Des tapis sp\u00e9ciaux\u00a0 avec des bandes plates en caoutchouc se trouvant sur les\u00a0 deux cot\u00e9s diminuent au minimum le besoin d\u2019entretien des tapis de dosage\u00a0 .Les tapis de dosage et les bandes convoyeurs de collection sont \u00e9quip\u00e9s avec des scrapers de bandes et le syst\u00e8me d\u2019alarme \u00abpas de mat\u00e9riaux- vide\u00bb.<\/p>\n","protected":false},"excerpt":{"rendered":"<p>L\u2019alimentation \u00e0 froid est un facteur principal qui influence la performance d\u2019une centrale d\u2019enrobage. Grace \u00e0 la conception modulaire de syst\u00e8me d\u2019alimentation d\u2019agr\u00e9gat SIGMA, les bunkers d\u2019alimentation et les tapis de dosages peuvent \u00eatre utilis\u00e9s avec diff\u00e9rentes combinaisons selon les besoins du client. Les capacit\u00e9s typiques des bunkers varient\u00a0 entre\u00a0 10 \u00e0 20 m3. En [&hellip;]<\/p>\n","protected":false},"author":1,"featured_media":83,"parent":467,"menu_order":62,"comment_status":"closed","ping_status":"closed","template":"","meta":{"_links_to":"","_links_to_target":""},"_links":{"self":[{"href":"https:\/\/sigmatec.com.tr\/fr\/wp-json\/wp\/v2\/pages\/516"}],"collection":[{"href":"https:\/\/sigmatec.com.tr\/fr\/wp-json\/wp\/v2\/pages"}],"about":[{"href":"https:\/\/sigmatec.com.tr\/fr\/wp-json\/wp\/v2\/types\/page"}],"author":[{"embeddable":true,"href":"https:\/\/sigmatec.com.tr\/fr\/wp-json\/wp\/v2\/users\/1"}],"replies":[{"embeddable":true,"href":"https:\/\/sigmatec.com.tr\/fr\/wp-json\/wp\/v2\/comments?post=516"}],"version-history":[{"count":0,"href":"https:\/\/sigmatec.com.tr\/fr\/wp-json\/wp\/v2\/pages\/516\/revisions"}],"up":[{"embeddable":true,"href":"https:\/\/sigmatec.com.tr\/fr\/wp-json\/wp\/v2\/pages\/467"}],"wp:featuredmedia":[{"embeddable":true,"href":"https:\/\/sigmatec.com.tr\/fr\/wp-json\/wp\/v2\/media\/83"}],"wp:attachment":[{"href":"https:\/\/sigmatec.com.tr\/fr\/wp-json\/wp\/v2\/media?parent=516"}],"curies":[{"name":"wp","href":"https:\/\/api.w.org\/{rel}","templated":true}]}}